{"id":10343,"date":"2020-06-16T09:27:37","date_gmt":"2020-06-16T09:27:37","guid":{"rendered":"http:\/\/bibliotekamoscisko.pl\/?page_id=10343"},"modified":"2023-11-16T07:57:20","modified_gmt":"2023-11-16T07:57:20","slug":"publikacje","status":"publish","type":"page","link":"https:\/\/bibliotekamoscisko.pl\/?page_id=10343","title":{"rendered":"Publikacje"},"content":{"rendered":"\n<figure class=\"wp-block-image size-large is-resized\"><img fetchpriority=\"high\" decoding=\"async\" src=\"http:\/\/bibliotekamoscisko.pl\/wp-content\/uploads\/2020\/10\/okladka-II.jpg\" alt=\"\" class=\"wp-image-10796\" width=\"512\" height=\"720\" srcset=\"https:\/\/bibliotekamoscisko.pl\/wp-content\/uploads\/2020\/10\/okladka-II.jpg 512w, https:\/\/bibliotekamoscisko.pl\/wp-content\/uploads\/2020\/10\/okladka-II-213x300.jpg 213w\" sizes=\"(max-width: 512px) 100vw, 512px\" \/><figcaption><a href=\"https:\/\/online.pubhtml5.com\/ljdk\/znhq\/\">https:\/\/online.pubhtml5.com\/ljdk\/znhq\/<\/a><\/figcaption><\/figure>\n\n\n<h1 style=\"text-align: center;\"><strong>PUBLIKACJE GMINY DZIER\u017bONI\u00d3W<\/strong><\/h1>\n<p>\u00a0<\/p>\n<h2 style=\"text-align: center;\"><a href=\"http:\/\/bibliotekamoscisko.pl\/wp-content\/uploads\/2020\/06\/skarbnica1w.jpg\"><img decoding=\"async\" class=\"aligncenter size-full wp-image-10346\" src=\"http:\/\/bibliotekamoscisko.pl\/wp-content\/uploads\/2020\/06\/skarbnica1w.jpg\" alt=\"\" width=\"439\" height=\"585\" srcset=\"https:\/\/bibliotekamoscisko.pl\/wp-content\/uploads\/2020\/06\/skarbnica1w.jpg 439w, https:\/\/bibliotekamoscisko.pl\/wp-content\/uploads\/2020\/06\/skarbnica1w-225x300.jpg 225w, https:\/\/bibliotekamoscisko.pl\/wp-content\/uploads\/2020\/06\/skarbnica1w-1x1.jpg 1w\" sizes=\"(max-width: 439px) 100vw, 439px\" \/><\/a><strong><a href=\"http:\/\/bibliotekamoscisko.pl\/wp-content\/uploads\/2020\/06\/skarbnica.pdf\">SKARBNICA<\/a><a href=\"http:\/\/bibliotekamoscisko.pl\/wp-content\/uploads\/2020\/06\/skarbnica.pdf\"> KULTURY, HISTORII I TRADYCJI &#8211; kliknij<\/a><\/strong><\/h2>\n<p>\u00a0<\/p>\n<h2 style=\"text-align: center;\"><a href=\"http:\/\/bibliotekamoscisko.pl\/wp-content\/uploads\/2020\/06\/sprawny1w.jpg\"><img decoding=\"async\" class=\"aligncenter size-full wp-image-10348\" src=\"http:\/\/bibliotekamoscisko.pl\/wp-content\/uploads\/2020\/06\/sprawny1w.jpg\" alt=\"\" width=\"439\" height=\"585\" srcset=\"https:\/\/bibliotekamoscisko.pl\/wp-content\/uploads\/2020\/06\/sprawny1w.jpg 439w, https:\/\/bibliotekamoscisko.pl\/wp-content\/uploads\/2020\/06\/sprawny1w-225x300.jpg 225w, https:\/\/bibliotekamoscisko.pl\/wp-content\/uploads\/2020\/06\/sprawny1w-1x1.jpg 1w\" sizes=\"(max-width: 439px) 100vw, 439px\" \/><\/a><a href=\"http:\/\/bibliotekamoscisko.pl\/wp-content\/uploads\/2020\/06\/sprawny.pdf\"><strong>SPRAWNY, AKTYWNY, POTRZEBNY<\/strong> &#8211; kliknij<\/a><\/h2>\n<p>\u00a0<\/p>\n<h2 style=\"text-align: center;\"><a href=\"http:\/\/bibliotekamoscisko.pl\/wp-content\/uploads\/2020\/06\/smaki_00.jpg\"><img loading=\"lazy\" decoding=\"async\" class=\"aligncenter wp-image-10350\" src=\"http:\/\/bibliotekamoscisko.pl\/wp-content\/uploads\/2020\/06\/smaki_00-734x1024.jpg\" alt=\"\" width=\"569\" height=\"794\" srcset=\"https:\/\/bibliotekamoscisko.pl\/wp-content\/uploads\/2020\/06\/smaki_00-734x1024.jpg 734w, https:\/\/bibliotekamoscisko.pl\/wp-content\/uploads\/2020\/06\/smaki_00-215x300.jpg 215w, https:\/\/bibliotekamoscisko.pl\/wp-content\/uploads\/2020\/06\/smaki_00-768x1071.jpg 768w, https:\/\/bibliotekamoscisko.pl\/wp-content\/uploads\/2020\/06\/smaki_00-1x1.jpg 1w, https:\/\/bibliotekamoscisko.pl\/wp-content\/uploads\/2020\/06\/smaki_00.jpg 1600w\" sizes=\"(max-width: 569px) 100vw, 569px\" \/><\/a><a href=\"http:\/\/bibliotekamoscisko.pl\/wp-content\/uploads\/2020\/06\/ug-dzierzoniow_przetwory_b5_2018-podglad.pdf\"><strong>SMAKI W S\u0141OIKACH ZAMKNI\u0118TE &#8211; kliknij<\/strong><\/a><\/h2>\n<p>\u00a0<\/p>\n<h2 style=\"text-align: center;\"><a href=\"http:\/\/bibliotekamoscisko.pl\/wp-content\/uploads\/2020\/06\/moje-jedzenie.jpg\"><img loading=\"lazy\" decoding=\"async\" class=\"aligncenter wp-image-10352\" src=\"http:\/\/bibliotekamoscisko.pl\/wp-content\/uploads\/2020\/06\/moje-jedzenie-1024x757.jpg\" alt=\"\" width=\"592\" height=\"801\" \/><\/a><a href=\"http:\/\/bibliotekamoscisko.pl\/wp-content\/uploads\/2020\/06\/moje-jedzenie-moje-korzenie.pdf\"><strong>MOJE JEDZENIE &#8211; MOJE KORZENIE &#8211; kliknij<\/strong><\/a><\/h2>\n<p>\u00a0<\/p>\n<h2 style=\"text-align: center;\"><a href=\"http:\/\/bibliotekamoscisko.pl\/wp-content\/uploads\/2020\/06\/zespo\u0142y.jpg\"><img loading=\"lazy\" decoding=\"async\" class=\"aligncenter wp-image-10368 \" src=\"http:\/\/bibliotekamoscisko.pl\/wp-content\/uploads\/2020\/06\/zespo\u0142y.jpg\" alt=\"\" width=\"634\" height=\"441\" srcset=\"https:\/\/bibliotekamoscisko.pl\/wp-content\/uploads\/2020\/06\/zespo\u0142y.jpg 960w, https:\/\/bibliotekamoscisko.pl\/wp-content\/uploads\/2020\/06\/zespo\u0142y-300x209.jpg 300w, https:\/\/bibliotekamoscisko.pl\/wp-content\/uploads\/2020\/06\/zespo\u0142y-768x534.jpg 768w, https:\/\/bibliotekamoscisko.pl\/wp-content\/uploads\/2020\/06\/zespo\u0142y-1x1.jpg 1w\" sizes=\"(max-width: 634px) 100vw, 634px\" \/><\/a><a href=\"http:\/\/bibliotekamoscisko.pl\/wp-content\/uploads\/2020\/06\/folder-poprawiony.pdf\"><strong>ZESPO\u0141Y GMINY DZIER\u017bONI\u00d3W<\/strong> &#8211; kliknij<\/a><\/h2>\n<p>\u00a0<\/p>\n\n\n<p class=\"has-text-align-center has-large-font-size\"><a href=\"https:\/\/online.pubhtml5.com\/ljdk\/znhq\/\" data-type=\"URL\" data-id=\"https:\/\/online.pubhtml5.com\/ljdk\/znhq\/\">ZAJRZYJ<\/a><\/p>\n\n\n\n<figure class=\"wp-block-image size-large\"><img loading=\"lazy\" decoding=\"async\" width=\"1024\" height=\"319\" src=\"http:\/\/bibliotekamoscisko.pl\/wp-content\/uploads\/2020\/10\/zadanie-sfinansowane-1024x319.jpg\" alt=\"\" class=\"wp-image-10797\" srcset=\"https:\/\/bibliotekamoscisko.pl\/wp-content\/uploads\/2020\/10\/zadanie-sfinansowane-1024x319.jpg 1024w, https:\/\/bibliotekamoscisko.pl\/wp-content\/uploads\/2020\/10\/zadanie-sfinansowane-300x94.jpg 300w, https:\/\/bibliotekamoscisko.pl\/wp-content\/uploads\/2020\/10\/zadanie-sfinansowane-768x239.jpg 768w, https:\/\/bibliotekamoscisko.pl\/wp-content\/uploads\/2020\/10\/zadanie-sfinansowane.jpg 1354w\" sizes=\"(max-width: 1024px) 100vw, 1024px\" \/><\/figure>\n\n\n\n<figure class=\"wp-block-image size-large is-resized\"><img loading=\"lazy\" decoding=\"async\" src=\"http:\/\/bibliotekamoscisko.pl\/wp-content\/uploads\/2020\/10\/usmiechniety.jpg\" alt=\"\" class=\"wp-image-10844\" width=\"194\" height=\"231\"\/><\/figure>\n","protected":false},"excerpt":{"rendered":"<p>PUBLIKACJE GMINY DZIER\u017bONI\u00d3W \u00a0 SKARBNICA KULTURY, HISTORII I TRADYCJI &#8211; kliknij \u00a0 SPRAWNY, AKTYWNY, POTRZEBNY &#8211; kliknij \u00a0 SMAKI W S\u0141OIKACH ZAMKNI\u0118TE &#8211; kliknij \u00a0 MOJE JEDZENIE &#8211; MOJE KORZENIE [&hellip;]<\/p>\n","protected":false},"author":1,"featured_media":10796,"parent":0,"menu_order":9,"comment_status":"closed","ping_status":"closed","template":"","meta":{"ngg_post_thumbnail":0,"footnotes":""},"class_list":["post-10343","page","type-page","status-publish","has-post-thumbnail","hentry"],"_links":{"self":[{"href":"https:\/\/bibliotekamoscisko.pl\/index.php?rest_route=\/wp\/v2\/pages\/10343","targetHints":{"allow":["GET"]}}],"collection":[{"href":"https:\/\/bibliotekamoscisko.pl\/index.php?rest_route=\/wp\/v2\/pages"}],"about":[{"href":"https:\/\/bibliotekamoscisko.pl\/index.php?rest_route=\/wp\/v2\/types\/page"}],"author":[{"embeddable":true,"href":"https:\/\/bibliotekamoscisko.pl\/index.php?rest_route=\/wp\/v2\/users\/1"}],"replies":[{"embeddable":true,"href":"https:\/\/bibliotekamoscisko.pl\/index.php?rest_route=%2Fwp%2Fv2%2Fcomments&post=10343"}],"version-history":[{"count":8,"href":"https:\/\/bibliotekamoscisko.pl\/index.php?rest_route=\/wp\/v2\/pages\/10343\/revisions"}],"predecessor-version":[{"id":11172,"href":"https:\/\/bibliotekamoscisko.pl\/index.php?rest_route=\/wp\/v2\/pages\/10343\/revisions\/11172"}],"wp:featuredmedia":[{"embeddable":true,"href":"https:\/\/bibliotekamoscisko.pl\/index.php?rest_route=\/wp\/v2\/media\/10796"}],"wp:attachment":[{"href":"https:\/\/bibliotekamoscisko.pl\/index.php?rest_route=%2Fwp%2Fv2%2Fmedia&parent=10343"}],"curies":[{"name":"wp","href":"https:\/\/api.w.org\/{rel}","templated":true}]}}